{"id":12,"date":"2021-11-28T12:59:00","date_gmt":"2021-11-28T12:59:00","guid":{"rendered":"https:\/\/www.l6f.eu\/?page_id=12"},"modified":"2026-04-14T06:42:20","modified_gmt":"2026-04-14T06:42:20","slug":"informacje","status":"publish","type":"page","link":"https:\/\/www.l6f.eu\/","title":{"rendered":"Informacje"},"content":{"rendered":"<div class=\"wp-block-image\">\n<figure class=\"wp-duotone-7a5810-fcac00-1 aligncenter size-full\"><img decoding=\"async\" loading=\"lazy\" width=\"783\" height=\"232\" src=\"https:\/\/www.l6f.eu\/wp-content\/uploads\/2022\/02\/chmurki_2.png\" alt=\"\" class=\"wp-image-223\" srcset=\"https:\/\/www.l6f.eu\/wp-content\/uploads\/2022\/02\/chmurki_2.png 783w, https:\/\/www.l6f.eu\/wp-content\/uploads\/2022\/02\/chmurki_2-300x89.png 300w, https:\/\/www.l6f.eu\/wp-content\/uploads\/2022\/02\/chmurki_2-768x228.png 768w\" sizes=\"(max-width: 783px) 100vw, 783px\" \/><\/figure><\/div>\n\n\n<figure class=\"wp-block-pullquote\"><blockquote><p>Nasza gildia skupia si\u0119 na rozgrywce&nbsp;<a href=\"https:\/\/www.l6f.eu\/wiki\/index.php\/Roleplay\">Roleplay<\/a> w grze Guild Wars 2. Dzia\u0142amy nieprzerwanie od lipca 2015.<\/p><\/blockquote><\/figure>\n\n\n\n<p>   <\/p>\n\n\n\n<div class=\"wp-block-columns is-layout-flex wp-container-8\">\n<div class=\"wp-block-column is-layout-flow\"><div class=\"wp-block-image\">\n<figure class=\"wp-duotone-7a5810-fcac00-2 aligncenter size-thumbnail\"><img decoding=\"async\" loading=\"lazy\" width=\"150\" height=\"150\" src=\"https:\/\/www.l6f.eu\/wp-content\/uploads\/2022\/02\/dice-twenty-faces-twenty-2-150x150.png\" alt=\"\" class=\"wp-image-261\" srcset=\"https:\/\/www.l6f.eu\/wp-content\/uploads\/2022\/02\/dice-twenty-faces-twenty-2-150x150.png 150w, https:\/\/www.l6f.eu\/wp-content\/uploads\/2022\/02\/dice-twenty-faces-twenty-2-300x300.png 300w, https:\/\/www.l6f.eu\/wp-content\/uploads\/2022\/02\/dice-twenty-faces-twenty-2.png 512w\" sizes=\"(max-width: 150px) 100vw, 150px\" \/><\/figure><\/div>\n\n\n<h2 class=\"wp-block-heading has-text-align-center\">ROLEPLAY<br><\/h2>\n\n\n\n<p>W gildii ka\u017cdy mo\u017ce by\u0107 Mistrzem Gry, ka\u017cdy mo\u017ce przyj\u015b\u0107 na sesj\u0119. Wszyscy s\u0105 mile widziani!<\/p>\n\n\n\n<p>Nie gramy wg \u017cadnego systemu &#8211; jest to tzw. story telling. Dla nas najwa\u017cniejsza jest dobra historia i przygoda! <\/p>\n<\/div>\n\n\n\n<div class=\"wp-block-column is-layout-flow\"><div class=\"wp-block-image\">\n<figure class=\"wp-duotone-7a5810-fcac00-4 aligncenter size-thumbnail\"><img decoding=\"async\" loading=\"lazy\" width=\"150\" height=\"150\" src=\"https:\/\/www.l6f.eu\/wp-content\/uploads\/2022\/02\/talk-1-150x150.png\" alt=\"\" class=\"wp-image-264\" srcset=\"https:\/\/www.l6f.eu\/wp-content\/uploads\/2022\/02\/talk-1-150x150.png 150w, https:\/\/www.l6f.eu\/wp-content\/uploads\/2022\/02\/talk-1-300x300.png 300w, https:\/\/www.l6f.eu\/wp-content\/uploads\/2022\/02\/talk-1.png 512w\" sizes=\"(max-width: 150px) 100vw, 150px\" \/><\/figure><\/div>\n\n\n<h2 class=\"wp-block-heading has-text-align-center\">MEDIA<br><\/h2>\n\n\n\n<p>Korzystamy z Discorda oraz forum; mamy r\u00f3wnie\u017c w\u0142asn\u0105 wikipedi\u0119 z kartami postaci i poradnikami!<\/p>\n<\/div>\n\n\n\n<div class=\"wp-block-column is-layout-flow\"><div class=\"wp-block-image\">\n<figure class=\"wp-duotone-7a5810-fcac00-6 aligncenter size-thumbnail\"><img decoding=\"async\" loading=\"lazy\" width=\"150\" height=\"150\" src=\"https:\/\/www.l6f.eu\/wp-content\/uploads\/2022\/02\/three-friends-150x150.png\" alt=\"\" class=\"wp-image-268\" srcset=\"https:\/\/www.l6f.eu\/wp-content\/uploads\/2022\/02\/three-friends-150x150.png 150w, https:\/\/www.l6f.eu\/wp-content\/uploads\/2022\/02\/three-friends-300x300.png 300w, https:\/\/www.l6f.eu\/wp-content\/uploads\/2022\/02\/three-friends.png 512w\" sizes=\"(max-width: 150px) 100vw, 150px\" \/><\/figure><\/div>\n\n\n<h2 class=\"wp-block-heading has-text-align-center\">WSP\u00d3LNA GRA<\/h2>\n\n\n\n<p>W gildii mamy wielu do\u015bwiadczonych graczy, kt\u00f3rzy pomog\u0105 Ci z ka\u017cd\u0105 spraw\u0105 \u2013 zar\u00f3wno zwi\u0105zan\u0105 z gr\u0105 fabularn\u0105, jak i samym Guild Wars 2! Wieczorami zawsze zastaniesz kogo\u015b online.<\/p>\n<\/div>\n<\/div>\n\n\n<div class=\"wp-block-image\">\n<figure class=\"wp-duotone-7a5810-fcac00-9 aligncenter size-full\"><img decoding=\"async\" loading=\"lazy\" width=\"783\" height=\"232\" src=\"https:\/\/www.l6f.eu\/wp-content\/uploads\/2022\/02\/chmurki_2.png\" alt=\"\" class=\"wp-image-223\" srcset=\"https:\/\/www.l6f.eu\/wp-content\/uploads\/2022\/02\/chmurki_2.png 783w, https:\/\/www.l6f.eu\/wp-content\/uploads\/2022\/02\/chmurki_2-300x89.png 300w, https:\/\/www.l6f.eu\/wp-content\/uploads\/2022\/02\/chmurki_2-768x228.png 768w\" sizes=\"(max-width: 783px) 100vw, 783px\" \/><\/figure><\/div>\n\n\n<h2 class=\"wp-block-heading\">Roleplay<\/h2>\n\n\n\n<p>W gildii ka\u017cda osoba mo\u017ce by\u0107 Mistrzem Gry na prowadzonych przez siebie eventach (pojedynczych sesjach roleplay) i kampaniach (zbiorach pojedynczych sesji roleplay powi\u0105zanych zazwyczaj w jedn\u0105 fabu\u0142\u0119) oraz Graczem &#8211; uczestniczy\u0107 w rozgrywce prowadzonej przez innych cz\u0142onk\u00f3w Ligi. Poza gr\u0105 korzystamy z Discorda.<\/p>\n\n\n\n<p>Rozpiska nadchodz\u0105cych wydarze\u0144 znajduje si\u0119 na naszym discordzie (do wszystkiego uzyskasz dost\u0119p je\u015bli do nas do\u0142\u0105czysz). Sp\u00f3jrz na stron\u0119 <a href=\"https:\/\/www.l6f.eu\/index.php\/rekrutacja\/\">Rekrutacja<\/a>, by dowiedzie\u0107 si\u0119 jak to zrobi\u0107!<\/p>\n\n\n\n<p><\/p>\n\n\n\n<h2 class=\"wp-block-heading\">Po do\u0142\u0105czeniu<\/h2>\n\n\n\n<p>Kiedy przejdziesz Rekrutacj\u0119 oddamy w Twoje r\u0119ce rozmaite narz\u0119dzia, kt\u00f3re pomog\u0105 Ci stworzy\u0107 zaplecze fabularne Twojej postaci od podstaw. Posiadamy w\u0142asn\u0105 wiki, na kt\u00f3rej znajdziesz min.: karty postaci, poradniki fabularne dla ras i klas, artyku\u0142y z ciekawostkami dotycz\u0105cymi lore \u015bwiata GW, a tak\u017ce postaci i organizacje stworzone przez nas, by urozmaici\u0107 nasz\u0105 zabaw\u0119. Stawiamy na <strong>r\u00f3\u017cnorodno\u015b\u0107 <\/strong>fabularnej rozgrywki &#8211; nasze sesje to zazwyczaj eksploracje, \u015bledztwa, walka, badania, a czasem wszystko naraz. Poza zleceniami, nie stronimy od mniej zorganizowanej rozgrywki i ch\u0119tnie odpoczywamy podczas lu\u017anych karczemniak\u00f3w, na kt\u00f3rych postacie spotykaj\u0105 si\u0119 przy dobrym napitku i strawie, rozmawiaj\u0105, \u017cartuj\u0105, a czasem daj\u0105 sobie po pysku. <\/p>\n\n\n\n<p><\/p>\n\n\n\n<h2 class=\"wp-block-heading\">Poza roleplay<\/h2>\n\n\n\n<p>Gdy przedstawiamy si\u0119 jako polska gildia <strong>roleplay<\/strong>, to najmocniejszy akcent pada na ostatnie s\u0142owo &#8211; je\u015bli zale\u017cy Ci tylko na rozgrywce mechanicznej, istniej\u0105 polskie gildie kt\u00f3re zajmuj\u0105 si\u0119 tym na co dzie\u0144. My z przyjemno\u015bci\u0105 pomo\u017cemy Ci si\u0119 wdro\u017cy\u0107 w gr\u0119 i jej lore, odpowiemy na ka\u017cde pytanie fabularne czy o gr\u0119, ale skupiamy si\u0119 na grze fabularnej.<\/p>\n\n\n\n<p> <\/p>\n\n\n\n<p> <\/p>\n\n\n<div class=\"wp-block-image\">\n<figure class=\"wp-duotone-7a5810-fcac00-10 aligncenter size-full\"><img decoding=\"async\" loading=\"lazy\" width=\"783\" height=\"232\" src=\"https:\/\/www.l6f.eu\/wp-content\/uploads\/2022\/02\/chmurki_2.png\" alt=\"\" class=\"wp-image-223\" srcset=\"https:\/\/www.l6f.eu\/wp-content\/uploads\/2022\/02\/chmurki_2.png 783w, https:\/\/www.l6f.eu\/wp-content\/uploads\/2022\/02\/chmurki_2-300x89.png 300w, https:\/\/www.l6f.eu\/wp-content\/uploads\/2022\/02\/chmurki_2-768x228.png 768w\" sizes=\"(max-width: 783px) 100vw, 783px\" \/><\/figure><\/div>\n\n\n<h2 class=\"wp-block-heading\">Gildia fabularnie<\/h2>\n\n\n\n<p>Liga Sze\u015bciu Filar\u00f3w to gildia najemnicza, kt\u00f3ra zosta\u0142a za\u0142o\u017cona i zalegalizowana 18 dnia sezonu Latoro\u015bli 1328 AE w Lion&#8217;s Arch, w Guild Initiative Headquarters. Gildia zajmuje si\u0119 pomoc\u0105 osobom prywatnym, jak r\u00f3wnie\u017c udziela wsparcia r\u00f3\u017cnym organizacjom Tyrii, zazwyczaj w zamian za odpowiednie wynagrodzenie. Ta gidia wyr\u00f3\u017cnia si\u0119 tym, \u017ce oficjalnie nie przyjmuje zlece\u0144 kt\u00f3re s\u0105 niezgodne z prawem lub niemoralne &#8211; oficjalnie pozostaje legaln\u0105 organizacj\u0105, cho\u0107 jej cz\u0142onkowie nie boj\u0105 si\u0119 ubrudzi\u0107 sobie r\u0105k, je\u015bli oficjalny kontrakt to przewiduje.  <\/p>\n\n\n\n<p><\/p>\n\n\n\n<p>Niekt\u00f3rzy zwykli okre\u015bla\u0107 gildi\u0119 mianem towarzystwa &#8222;bohater\u00f3w najemnych i poszukiwaczy przyg\u00f3d&#8221;, cho\u0107 wielu cz\u0142onk\u00f3w do\u0142\u0105cza do gildii z r\u00f3\u017cnych, tylko sobie znanych powod\u00f3w.  <\/p>\n\n\n\n<p><\/p>\n\n\n\n<p><\/p>\n\n\n\n<p>Liga to towarzystwo dla ka\u017cdego \u2013 pod warunkiem, \u017ce ten \u201eka\u017cdy\u201d nie jest poszukiwany listem go\u0144czym. Tutaj mile widziane s\u0105 postaci, kt\u00f3rym niestraszny fach najemnika lub te, kt\u00f3re odnajd\u0105 si\u0119 w tym towarzystwie \u2013 pacyfista, tworz\u0105cy wynalazki u\u0142atwiaj\u0105ce innym \u017cycie, kowal, zabijaka, medyk, taktyk, spo\u0142ecznik, poeta-bard, pisarz szukaj\u0105cy natchnienia. Dla wielu z nich gildia najemnicza to tylko dodatek, urozmaicenie codzienno\u015bci i dreszczyk emocji, a dla niekt\u00f3rych \u2013 spos\u00f3b na \u017cycie. Tu spotkasz ich wszystkich.<\/p>\n\n\n\n<p><\/p>\n\n\n\n<p>Gildia obecnie rezyduje w Lwich Wrotach w tawernie &#8222;Przycz\u00f3\u0142ek&#8221; w Fort Mariner, a tak\u017ce w Prowincji Seitung w przystani w zatoce Kuang.<\/p>\n","protected":false},"excerpt":{"rendered":"<p>Nasza gildia skupia si\u0119 na rozgrywce&nbsp;Roleplay w grze Guild Wars 2. Dzia\u0142amy nieprzerwanie od lipca 2015. ROLEPLAY W gildii ka\u017cdy mo\u017ce by\u0107 Mistrzem Gry, ka\u017cdy mo\u017ce przyj\u015b\u0107 na sesj\u0119. Wszyscy s\u0105 mile widziani! Nie gramy wg \u017cadnego systemu &#8211; jest to tzw. story telling. Dla nas najwa\u017cniejsza jest dobra historia [&hellip;]<\/p>\n","protected":false},"author":1,"featured_media":0,"parent":0,"menu_order":0,"comment_status":"closed","ping_status":"closed","template":"","meta":[],"_links":{"self":[{"href":"https:\/\/www.l6f.eu\/index.php\/wp-json\/wp\/v2\/pages\/12"}],"collection":[{"href":"https:\/\/www.l6f.eu\/index.php\/wp-json\/wp\/v2\/pages"}],"about":[{"href":"https:\/\/www.l6f.eu\/index.php\/wp-json\/wp\/v2\/types\/page"}],"author":[{"embeddable":true,"href":"https:\/\/www.l6f.eu\/index.php\/wp-json\/wp\/v2\/users\/1"}],"replies":[{"embeddable":true,"href":"https:\/\/www.l6f.eu\/index.php\/wp-json\/wp\/v2\/comments?post=12"}],"version-history":[{"count":64,"href":"https:\/\/www.l6f.eu\/index.php\/wp-json\/wp\/v2\/pages\/12\/revisions"}],"predecessor-version":[{"id":520,"href":"https:\/\/www.l6f.eu\/index.php\/wp-json\/wp\/v2\/pages\/12\/revisions\/520"}],"wp:attachment":[{"href":"https:\/\/www.l6f.eu\/index.php\/wp-json\/wp\/v2\/media?parent=12"}],"curies":[{"name":"wp","href":"https:\/\/api.w.org\/{rel}","templated":true}]}}